{"id":8,"date":"2022-12-03T12:49:48","date_gmt":"2022-12-03T12:49:48","guid":{"rendered":"https:\/\/streifzug-mann.de\/?page_id=8"},"modified":"2023-02-19T15:55:32","modified_gmt":"2023-02-19T15:55:32","slug":"streifzug-mann","status":"publish","type":"page","link":"https:\/\/streifzug-mann.de\/?page_id=8","title":{"rendered":"Workshop 2023"},"content":{"rendered":"\n<h2>&#8222;Wann ist der Mann ein Mann?&#8220;<\/h2>\n\n\n\n<div class=\"wp-block-media-text is-stacked-on-mobile\" style=\"grid-template-columns:47% auto\"><figure class=\"wp-block-media-text__media\"><img decoding=\"async\" loading=\"lazy\" width=\"810\" height=\"780\" src=\"https:\/\/streifzug-mann.de\/wp-content\/uploads\/2022\/12\/Wann-ist-der-Mann-ein-Mann.jpg\" alt=\"\" class=\"wp-image-64 size-full\" srcset=\"https:\/\/streifzug-mann.de\/wp-content\/uploads\/2022\/12\/Wann-ist-der-Mann-ein-Mann.jpg 810w, https:\/\/streifzug-mann.de\/wp-content\/uploads\/2022\/12\/Wann-ist-der-Mann-ein-Mann-300x289.jpg 300w, https:\/\/streifzug-mann.de\/wp-content\/uploads\/2022\/12\/Wann-ist-der-Mann-ein-Mann-768x740.jpg 768w, https:\/\/streifzug-mann.de\/wp-content\/uploads\/2022\/12\/Wann-ist-der-Mann-ein-Mann-230x221.jpg 230w, https:\/\/streifzug-mann.de\/wp-content\/uploads\/2022\/12\/Wann-ist-der-Mann-ein-Mann-350x337.jpg 350w, https:\/\/streifzug-mann.de\/wp-content\/uploads\/2022\/12\/Wann-ist-der-Mann-ein-Mann-480x462.jpg 480w\" sizes=\"(max-width: 810px) 100vw, 810px\" \/><\/figure><div class=\"wp-block-media-text__content\">\n<p><\/p>\n\n\n\n<p>Was macht dich aus?<\/p>\n\n\n\n<ul>\n<li>deine vielen Rollen<\/li>\n\n\n\n<li>dein K\u00f6rper<\/li>\n\n\n\n<li>wie du f\u00fchlst<\/li>\n\n\n\n<li>wie du kommunizierst<\/li>\n\n\n\n<li>wie du mit Konflikten umgehst<\/li>\n\n\n\n<li>wo du deine Perspektiven siehst<\/li>\n\n\n\n<li>was noch&#8230;<\/li>\n<\/ul>\n<\/div><\/div>\n\n\n\n<p>Eine feste Gruppe von M\u00e4nnern mit h\u00f6chsten 8 Teilnehmern macht sich an diesen vier Terminen gemeinsam auf den Weg, die eigenen Fragen zu finden und zu stellen, neue Potentiale bei sich und den anderen zu entdecken, sich neue M\u00f6glichkeiten zu er\u00f6ffnen.<br>Diese Gruppe soll Raum bieten, diese Fragen zu stellen, zu sortieren und mit neuer Klarheit im Leben weiterzugehen.<br>M\u00e4nner haben andere Fragen als Frauen oder stellen dieselben Fragen anders und suchen auch Antworten woanders. Hierin k\u00f6nnen sich die Teilnehmer gut gegenseitig unterst\u00fctzen und diesen Freiraum m\u00f6chten wir ihnen g\u00f6nnen und er\u00f6ffnen.<br>Unsere Erfahrung hat gezeigt, dass eine feste Gruppe viel intensiver zusammenarbeitet, weil Vertrautheit entsteht: Die Ergebnisse werden wertvoller, das Erleben tiefer, die Fragen und Antworten ehrlicher.<\/p>\n\n\n\n<p>G\u00f6nn\u2018 dir diese Erfahrung!<\/p>\n\n\n\n<h2>Termine<\/h2>\n\n\n\n<p>jeweils von 09:30 &#8211; 16:30 Uhr<\/p>\n\n\n\n<p><strong>Block 1:<\/strong> 13.+14.05.2023<br>Der Mann und seine Rollen<br>Selbstbild-Fremdbild<br>Potentiale entdecken, anerkennen und nutzen<\/p>\n\n\n\n<p><strong>Block 2:<\/strong> 10.06.2023<br>Gesundheit: Potentiale, Gewohnheiten und Grenzen<br>Umgang mit dem eigenen K\u00f6rper, geistige Gesundheit<br>Leben in Balance<\/p>\n\n\n\n<p><strong>Block 3:<\/strong> 26.+27.08.2023<br>Emotionen, Kommunikation, Konflikte<br>Was ist St\u00e4rke und Schw\u00e4che?<br>Durchsetzen oder Nachgeben?<br>Kumpel oder Konkurrent?<br><\/p>\n\n\n\n<p><strong>Block 4:<\/strong> 23.09.2023<br>Perspektiven<br>Wo bin ich gerade? <br>Wo will ich hin? <br>Was sind meine ersten Schritte?<br><\/p>\n\n\n\n<h2>Ort<\/h2>\n\n\n\n<p>Der Waldhof von <a rel=\"noreferrer noopener\" href=\"https:\/\/www.equi-valent.de\/\" target=\"_blank\">equi valent<\/a><br>Galgheide 6<br>48291 Telgte<br><a rel=\"noreferrer noopener\" href=\"https:\/\/www.openstreetmap.org\/?mlat=51.9874&amp;mlon=7.7359#map=12\/51.9874\/7.7359\" target=\"_blank\">Karte anzeigen<\/a><br>Mit dem \u00f6ffentlichen Bus R11 und R13 zur Haltestelle &#8222;J\u00e4gerhaus&#8220;<br>Mit dem Rad direkt an der Veloroute zwischen M\u00fcnster und Telgte<br><\/p>\n\n\n\n<div class=\"wp-block-media-text is-stacked-on-mobile is-vertically-aligned-top\" style=\"grid-template-columns:41% auto\"><figure class=\"wp-block-media-text__media\"><img decoding=\"async\" loading=\"lazy\" width=\"1024\" height=\"465\" src=\"https:\/\/streifzug-mann.de\/wp-content\/uploads\/2022\/12\/Der_Hof-1024x465.jpg\" alt=\"\" class=\"wp-image-145 size-full\" srcset=\"https:\/\/streifzug-mann.de\/wp-content\/uploads\/2022\/12\/Der_Hof-1024x465.jpg 1024w, https:\/\/streifzug-mann.de\/wp-content\/uploads\/2022\/12\/Der_Hof-300x136.jpg 300w, https:\/\/streifzug-mann.de\/wp-content\/uploads\/2022\/12\/Der_Hof-768x349.jpg 768w, https:\/\/streifzug-mann.de\/wp-content\/uploads\/2022\/12\/Der_Hof-1000x455.jpg 1000w, https:\/\/streifzug-mann.de\/wp-content\/uploads\/2022\/12\/Der_Hof-230x105.jpg 230w, https:\/\/streifzug-mann.de\/wp-content\/uploads\/2022\/12\/Der_Hof-350x159.jpg 350w, https:\/\/streifzug-mann.de\/wp-content\/uploads\/2022\/12\/Der_Hof-480x218.jpg 480w, https:\/\/streifzug-mann.de\/wp-content\/uploads\/2022\/12\/Der_Hof.jpg 1100w\" sizes=\"(max-width: 1024px) 100vw, 1024px\" \/><\/figure><div class=\"wp-block-media-text__content\">\n<p>Unser idyllisch am Wald gelegener Hof bietet Raum zum Verweilen, kreativem Arbeiten und ungew\u00f6hnlichen Erfahrungen im Kontakt mit unseren Pferden, aber auch mit anderen Tieren.<br>Zugleich ist er zentral gelegen direkt auf der Grenze zwischen Telgte und M\u00fcnster, sodass sowohl Natur als auch Kultur und Stadtluft in erreichbarer N\u00e4he liegen.<\/p>\n<\/div><\/div>\n\n\n\n<h2>Unsere Pferde<\/h2>\n\n\n\n<div class=\"wp-block-media-text is-stacked-on-mobile is-vertically-aligned-top\" style=\"grid-template-columns:41% auto\"><figure class=\"wp-block-media-text__media\"><img decoding=\"async\" loading=\"lazy\" width=\"1024\" height=\"465\" src=\"https:\/\/streifzug-mann.de\/wp-content\/uploads\/2022\/12\/Header_Meine_Pferde-1024x465.jpg\" alt=\"\" class=\"wp-image-140 size-full\" srcset=\"https:\/\/streifzug-mann.de\/wp-content\/uploads\/2022\/12\/Header_Meine_Pferde-1024x465.jpg 1024w, https:\/\/streifzug-mann.de\/wp-content\/uploads\/2022\/12\/Header_Meine_Pferde-300x136.jpg 300w, https:\/\/streifzug-mann.de\/wp-content\/uploads\/2022\/12\/Header_Meine_Pferde-768x349.jpg 768w, https:\/\/streifzug-mann.de\/wp-content\/uploads\/2022\/12\/Header_Meine_Pferde-1000x455.jpg 1000w, https:\/\/streifzug-mann.de\/wp-content\/uploads\/2022\/12\/Header_Meine_Pferde-230x105.jpg 230w, https:\/\/streifzug-mann.de\/wp-content\/uploads\/2022\/12\/Header_Meine_Pferde-350x159.jpg 350w, https:\/\/streifzug-mann.de\/wp-content\/uploads\/2022\/12\/Header_Meine_Pferde-480x218.jpg 480w, https:\/\/streifzug-mann.de\/wp-content\/uploads\/2022\/12\/Header_Meine_Pferde.jpg 1100w\" sizes=\"(max-width: 1024px) 100vw, 1024px\" \/><\/figure><div class=\"wp-block-media-text__content\">\n<p>Bei Bedarf unterst\u00fctzen sie uns als wichtige Mitarbeiter, denn mit ihrem seismografischen Gesp\u00fcr f\u00fcr Authentizit\u00e4t und Pers\u00f6nlichkeit geben sie wertvolle R\u00fcckmeldungen f\u00fcr den Prozess.<br>\u201ePferde f\u00fchren uns durch das Tor unserer F\u00e4higkeiten in die Weite unserer M\u00f6glichkeiten.\u201c<br>Reitkenntnisse oder Erfahrung im Umgang mit Pferden  sind nicht notwendig. Mit den Pferden wird ausschlie\u00dflich vom Boden aus gearbeitet.<br><\/p>\n<\/div><\/div>\n\n\n\n<h2>Kosten<\/h2>\n\n\n\n<p>Kosten pro Tag 125 Euro.<\/p>\n\n\n\n<p>Eine Anmeldung gilt f\u00fcr alle Module. Ratenzahlung ist m\u00f6glich.<\/p>\n\n\n\n<h2>Anmeldung \/ AGBs<\/h2>\n\n\n\n<p>Eine Anmeldung gilt f\u00fcr alle Termine. Fragen Sie bei Ihrer zust\u00e4ndigen Stelle vor Ort nach einem Bildungsscheck oder einer F\u00f6rderung.<br><\/p>\n\n\n\n<p>Die Anmeldung kann \u00fcber das <a href=\"https:\/\/streifzug-mann.de\/?page_id=226\" data-type=\"URL\" data-id=\"https:\/\/streifzug-mann.de\/?page_id=226\" target=\"_blank\" rel=\"noreferrer noopener\">Formular<\/a>, per <a href=\"https:\/\/streifzug-mann.de\/?page_id=96\" data-type=\"URL\" data-id=\"https:\/\/streifzug-mann.de\/?page_id=96\" target=\"_blank\" rel=\"noreferrer noopener\">Mail<\/a>, schriftlich oder pers\u00f6nlich erfolgen. Der Teilnahmebeitrag ist innerhalb von 10 Tagen nach Rechnungsstellung zu entrichten. Sollte dies nicht geschehen, behalten wir uns vor, den Platz anderweitig zu vergeben. Sie erhalten eine Anmeldebest\u00e4tigung mit Rechnung.<br>Ein R\u00fccktritt ist bis zu 4 Wochen vor Beginn m\u00f6glich. Wir erheben dann nur eine Verwaltungsgeb\u00fchr von 25 Euro. <br>Wenn der Platz nicht wieder belegt werden kann und keine Ersatzperson gestellt wird, ist eine Kostenbeteiligung notwendig:<br>&#8211; bis 3 Wochen vorher 40%<br>&#8211; bis 2 Wochen vorher 60%<br>&#8211; bis eine Woche vorher 80%<br>&#8211; innerhalb einer Woche vorher 100%<br>Absagen: Sollte ein Kurs nicht zustande kommen, sagen wir Ihnen drei Tage vor Kursbeginn Bescheid.<\/p>\n\n\n\n<p>Zum <a href=\"https:\/\/streifzug-mann.de\/?page_id=226\" data-type=\"URL\" data-id=\"https:\/\/streifzug-mann.de\/?page_id=226\">Anmeldeformular<\/a><\/p>\n\n\n\n<p class=\"has-text-align-center\"><\/p>\n","protected":false},"excerpt":{"rendered":"<p>&#8222;Wann ist der Mann ein Mann?&#8220; Eine feste Gruppe von M\u00e4nnern mit h\u00f6chsten 8 Teilnehmern macht sich an diesen vier Terminen gemeinsam [&hellip;]<\/p>\n","protected":false},"author":2,"featured_media":0,"parent":0,"menu_order":0,"comment_status":"closed","ping_status":"closed","template":"","meta":[],"_links":{"self":[{"href":"https:\/\/streifzug-mann.de\/index.php?rest_route=\/wp\/v2\/pages\/8"}],"collection":[{"href":"https:\/\/streifzug-mann.de\/index.php?rest_route=\/wp\/v2\/pages"}],"about":[{"href":"https:\/\/streifzug-mann.de\/index.php?rest_route=\/wp\/v2\/types\/page"}],"author":[{"embeddable":true,"href":"https:\/\/streifzug-mann.de\/index.php?rest_route=\/wp\/v2\/users\/2"}],"replies":[{"embeddable":true,"href":"https:\/\/streifzug-mann.de\/index.php?rest_route=%2Fwp%2Fv2%2Fcomments&post=8"}],"version-history":[{"count":53,"href":"https:\/\/streifzug-mann.de\/index.php?rest_route=\/wp\/v2\/pages\/8\/revisions"}],"predecessor-version":[{"id":254,"href":"https:\/\/streifzug-mann.de\/index.php?rest_route=\/wp\/v2\/pages\/8\/revisions\/254"}],"wp:attachment":[{"href":"https:\/\/streifzug-mann.de\/index.php?rest_route=%2Fwp%2Fv2%2Fmedia&parent=8"}],"curies":[{"name":"wp","href":"https:\/\/api.w.org\/{rel}","templated":true}]}}