{"id":226,"date":"2023-01-07T17:01:18","date_gmt":"2023-01-07T17:01:18","guid":{"rendered":"https:\/\/streifzug-mann.de\/?page_id=226"},"modified":"2023-01-07T17:19:54","modified_gmt":"2023-01-07T17:19:54","slug":"anmeldung","status":"publish","type":"page","link":"https:\/\/streifzug-mann.de\/?page_id=226","title":{"rendered":"Anmeldung"},"content":{"rendered":"\n<p>hiermit melde ich mich verbindlich f\u00fcr den Workshop \u201e<a href=\"https:\/\/streifzug-mann.de\/?page_id=8\" data-type=\"URL\" data-id=\"https:\/\/streifzug-mann.de\/?page_id=8\" target=\"_blank\" rel=\"noreferrer noopener\">Wann ist der Mann ein Mann?<\/a>\u201c an.<\/p>\n\n\n\n<h2>Kosten<\/h2>\n\n\n\n<p>Kosten pro Tag 125 Euro, gesamt f\u00fcr alle Module = 750 Euro.<\/p>\n\n\n\n<p>Eine Anmeldung gilt f\u00fcr alle Module. Ratenzahlung ist m\u00f6glich.<\/p>\n\n\n\n<h2>Anmeldung \/ AGBs<\/h2>\n\n\n\n<p>Eine Anmeldung gilt f\u00fcr alle Termine. <\/p>\n\n\n\n<p>Die Anmeldung kann \u00fcber dieses Formular, per Mail, schriftlich oder pers\u00f6nlich erfolgen. Der Teilnahmebeitrag ist innerhalb von 10 Tagen nach Rechnungsstellung zu entrichten. Sollte dies nicht geschehen, behalten wir uns vor, den Platz anderweitig zu vergeben. Sie erhalten eine Anmeldebest\u00e4tigung mit Rechnung.<br>Ein R\u00fccktritt ist bis zu 4 Wochen vor Beginn m\u00f6glich. Wir erheben dann nur eine Verwaltungsgeb\u00fchr von 25 Euro.<br>Wenn der Platz nicht wieder belegt werden kann und keine Ersatzperson gestellt wird, ist eine Kostenbeteiligung notwendig:<br>\u2013 bis 3 Wochen vorher 40%<br>\u2013 bis 2 Wochen vorher 60%<br>\u2013 bis eine Woche vorher 80%<br>\u2013 innerhalb einer Woche vorher 100%<br>Absagen: Sollte ein Kurs nicht zustande kommen, sagen wir Ihnen drei Tage vor Kursbeginn Bescheid.<\/p>\n\n\n<div class=\"wpforms-container wpforms-container-full\" id=\"wpforms-220\"><form id=\"wpforms-form-220\" class=\"wpforms-validate wpforms-form wpforms-ajax-form\" data-formid=\"220\" method=\"post\" enctype=\"multipart\/form-data\" action=\"\/index.php?rest_route=%2Fwp%2Fv2%2Fpages%2F226\" data-token=\"29b048dbc0008eaa4ac66f617951922f\"><noscript class=\"wpforms-error-noscript\">Bitte aktiviere JavaScript in deinem Browser, um dieses Formular fertigzustellen.<\/noscript><div class=\"wpforms-field-container\"><div id=\"wpforms-220-field_0-container\" class=\"wpforms-field wpforms-field-name\" data-field-id=\"0\"><label class=\"wpforms-field-label\" for=\"wpforms-220-field_0\">Name <span class=\"wpforms-required-label\">*<\/span><\/label><div class=\"wpforms-field-row wpforms-field-medium\"><div class=\"wpforms-field-row-block wpforms-first wpforms-one-half\"><input type=\"text\" id=\"wpforms-220-field_0\" class=\"wpforms-field-name-first wpforms-field-required\" name=\"wpforms[fields][0][first]\" required><label for=\"wpforms-220-field_0\" class=\"wpforms-field-sublabel after \">Vorname<\/label><\/div><div class=\"wpforms-field-row-block wpforms-one-half\"><input type=\"text\" id=\"wpforms-220-field_0-last\" class=\"wpforms-field-name-last wpforms-field-required\" name=\"wpforms[fields][0][last]\" required><label for=\"wpforms-220-field_0-last\" class=\"wpforms-field-sublabel after \">Nachname<\/label><\/div><\/div><\/div><div id=\"wpforms-220-field_6-container\" class=\"wpforms-field wpforms-field-text\" data-field-id=\"6\"><label class=\"wpforms-field-label\" for=\"wpforms-220-field_6\">Stra\u00dfe Hausnummer <span class=\"wpforms-required-label\">*<\/span><\/label><input type=\"text\" id=\"wpforms-220-field_6\" class=\"wpforms-field-medium wpforms-field-required\" name=\"wpforms[fields][6]\" required><\/div><div id=\"wpforms-220-field_7-container\" class=\"wpforms-field wpforms-field-text\" data-field-id=\"7\"><label class=\"wpforms-field-label\" for=\"wpforms-220-field_7\">PLZ Ort <span class=\"wpforms-required-label\">*<\/span><\/label><input type=\"text\" id=\"wpforms-220-field_7\" class=\"wpforms-field-medium wpforms-field-required\" name=\"wpforms[fields][7]\" required><\/div><div id=\"wpforms-220-field_1-container\" class=\"wpforms-field wpforms-field-email\" data-field-id=\"1\"><label class=\"wpforms-field-label\" for=\"wpforms-220-field_1\">E-Mail <span class=\"wpforms-required-label\">*<\/span><\/label><input type=\"email\" id=\"wpforms-220-field_1\" class=\"wpforms-field-medium wpforms-field-required\" name=\"wpforms[fields][1]\" required><\/div><div id=\"wpforms-220-field_9-container\" class=\"wpforms-field wpforms-field-text\" data-field-id=\"9\"><label class=\"wpforms-field-label\" for=\"wpforms-220-field_9\">Telefon<\/label><input type=\"text\" id=\"wpforms-220-field_9\" class=\"wpforms-field-medium\" name=\"wpforms[fields][9]\" ><\/div><div id=\"wpforms-220-field_2-container\" class=\"wpforms-field wpforms-field-textarea\" data-field-id=\"2\"><label class=\"wpforms-field-label\" for=\"wpforms-220-field_2\">Kommentar oder Nachricht<\/label><textarea id=\"wpforms-220-field_2\" class=\"wpforms-field-medium\" name=\"wpforms[fields][2]\" ><\/textarea><\/div><\/div><div class=\"wpforms-submit-container\"><input type=\"hidden\" name=\"wpforms[id]\" value=\"220\"><input type=\"hidden\" name=\"wpforms[author]\" value=\"2\"><button type=\"submit\" name=\"wpforms[submit]\" id=\"wpforms-submit-220\" class=\"wpforms-submit\" data-alt-text=\"Senden\u2026\" data-submit-text=\"Absenden\" aria-live=\"assertive\" value=\"wpforms-submit\">Absenden<\/button><img src=\"https:\/\/streifzug-mann.de\/wp-content\/plugins\/wpforms-lite\/assets\/images\/submit-spin.svg\" class=\"wpforms-submit-spinner\" style=\"display: none;\" width=\"26\" height=\"26\" alt=\"Wird geladen\"><\/div><\/form><\/div>  <!-- .wpforms-container -->","protected":false},"excerpt":{"rendered":"<p>hiermit melde ich mich verbindlich f\u00fcr den Workshop \u201eWann ist der Mann ein Mann?\u201c an. Kosten Kosten pro Tag 125 Euro, gesamt [&hellip;]<\/p>\n","protected":false},"author":2,"featured_media":0,"parent":0,"menu_order":0,"comment_status":"closed","ping_status":"closed","template":"","meta":[],"_links":{"self":[{"href":"https:\/\/streifzug-mann.de\/index.php?rest_route=\/wp\/v2\/pages\/226"}],"collection":[{"href":"https:\/\/streifzug-mann.de\/index.php?rest_route=\/wp\/v2\/pages"}],"about":[{"href":"https:\/\/streifzug-mann.de\/index.php?rest_route=\/wp\/v2\/types\/page"}],"author":[{"embeddable":true,"href":"https:\/\/streifzug-mann.de\/index.php?rest_route=\/wp\/v2\/users\/2"}],"replies":[{"embeddable":true,"href":"https:\/\/streifzug-mann.de\/index.php?rest_route=%2Fwp%2Fv2%2Fcomments&post=226"}],"version-history":[{"count":3,"href":"https:\/\/streifzug-mann.de\/index.php?rest_route=\/wp\/v2\/pages\/226\/revisions"}],"predecessor-version":[{"id":234,"href":"https:\/\/streifzug-mann.de\/index.php?rest_route=\/wp\/v2\/pages\/226\/revisions\/234"}],"wp:attachment":[{"href":"https:\/\/streifzug-mann.de\/index.php?rest_route=%2Fwp%2Fv2%2Fmedia&parent=226"}],"curies":[{"name":"wp","href":"https:\/\/api.w.org\/{rel}","templated":true}]}}