{"id":103,"date":"2022-12-04T18:44:32","date_gmt":"2022-12-04T18:44:32","guid":{"rendered":"https:\/\/streifzug-mann.de\/?page_id=103"},"modified":"2023-01-15T16:49:42","modified_gmt":"2023-01-15T16:49:42","slug":"das-sind-wir","status":"publish","type":"page","link":"https:\/\/streifzug-mann.de\/?page_id=103","title":{"rendered":"Das sind wir"},"content":{"rendered":"\n<h3>Udo Becker<\/h3>\n\n\n\n<p>Systemisches Coaching und Beratung<br><a rel=\"noreferrer noopener\" href=\"https:\/\/2blick.de\" target=\"_blank\">https:\/\/2blick.de<\/a><\/p>\n\n\n\n<figure class=\"wp-block-image size-medium\"><img decoding=\"async\" loading=\"lazy\" width=\"300\" height=\"297\" src=\"https:\/\/streifzug-mann.de\/wp-content\/uploads\/2022\/12\/Udo-300x297.jpg\" alt=\"Udo Becker\" class=\"wp-image-217\" srcset=\"https:\/\/streifzug-mann.de\/wp-content\/uploads\/2022\/12\/Udo-300x297.jpg 300w, https:\/\/streifzug-mann.de\/wp-content\/uploads\/2022\/12\/Udo-150x150.jpg 150w, https:\/\/streifzug-mann.de\/wp-content\/uploads\/2022\/12\/Udo-230x228.jpg 230w, https:\/\/streifzug-mann.de\/wp-content\/uploads\/2022\/12\/Udo-350x347.jpg 350w, https:\/\/streifzug-mann.de\/wp-content\/uploads\/2022\/12\/Udo-480x476.jpg 480w, https:\/\/streifzug-mann.de\/wp-content\/uploads\/2022\/12\/Udo.jpg 640w\" sizes=\"(max-width: 300px) 100vw, 300px\" \/><\/figure>\n\n\n\n<p>Coach <a rel=\"noreferrer noopener\" href=\"https:\/\/www.coaching-dgfc.de\/\" target=\"_blank\">DGfC<\/a><br>Systemischer Berater<\/p>\n\n\n\n<p>Seit \u00fcber 20 Jahren bin ich in F\u00fchrungsverantwortung. \u00dcber 10 Jahre wende ich den systemischen Ansatz in der Organisationsberatung und F\u00fchrung an.<\/p>\n\n\n\n<p>Hauptberuflich:<br>\u2013 Abteilungsleitung in einer Klinik in M\u00fcnster<\/p>\n\n\n\n<p>Freiberuflich:<br>\u2013 Systemische Beratung von Menschen und Organisationen<br>\u2013 Begleitung von Teams und F\u00fchrungskr\u00e4ften<br>\u2013 Workshops und Kurse<\/p>\n\n\n\n<p>Als Coach gebe ich keine L\u00f6sungen vor, sondern verstehe mich als neutraler Gespr\u00e4chs- und Interaktionspartner, der den Prozess der individuellen Weiterentwicklung begleitet und erleichtert.<\/p>\n\n\n\n<div style=\"height:54px\" aria-hidden=\"true\" class=\"wp-block-spacer\"><\/div>\n\n\n\n<h3>Daniela Kaminski<\/h3>\n\n\n\n<p>equi valent &#8211; Mit Pferden lernen<br><a href=\"https:\/\/www.equi-valent.de\/\" target=\"_blank\" rel=\"noreferrer noopener\">https:\/\/www.equi-valent.de\/<\/a><\/p>\n\n\n\n<figure class=\"wp-block-image size-medium\"><img decoding=\"async\" loading=\"lazy\" width=\"300\" height=\"300\" src=\"https:\/\/streifzug-mann.de\/wp-content\/uploads\/2023\/01\/Daniela-300x300.jpg\" alt=\"\" class=\"wp-image-244\" srcset=\"https:\/\/streifzug-mann.de\/wp-content\/uploads\/2023\/01\/Daniela-300x300.jpg 300w, https:\/\/streifzug-mann.de\/wp-content\/uploads\/2023\/01\/Daniela-150x150.jpg 150w, https:\/\/streifzug-mann.de\/wp-content\/uploads\/2023\/01\/Daniela-230x230.jpg 230w, https:\/\/streifzug-mann.de\/wp-content\/uploads\/2023\/01\/Daniela-350x350.jpg 350w, https:\/\/streifzug-mann.de\/wp-content\/uploads\/2023\/01\/Daniela-480x480.jpg 480w, https:\/\/streifzug-mann.de\/wp-content\/uploads\/2023\/01\/Daniela.jpg 509w\" sizes=\"(max-width: 300px) 100vw, 300px\" \/><\/figure>\n\n\n\n<p>Coach <a href=\"https:\/\/www.coaching-dgfc.de\/\" data-type=\"URL\" data-id=\"https:\/\/www.coaching-dgfc.de\/\" target=\"_blank\" rel=\"noreferrer noopener\">DGfC<\/a><\/p>\n\n\n\n<p>Systemische Beraterin<\/p>\n\n\n\n<p>Fachkauffrau f\u00fcr Marketing<\/p>\n\n\n\n<p>Mein Slogan \u201eIhr Weg ist mein Ziel\u201c bringt meine Arbeit seit mehr als 20 Jahren auf den Punkt. Ich gehe gern an Ihrer Seite und unterst\u00fctze Sie dabei, Ihren Weg zu finden.<br><\/p>\n\n\n\n<p>Ich arbeite mit Pferden, systemisch, mit K\u00f6rperarbeit, Gespr\u00e4chen und \u2013 der Natur und der Zeit.<br>Mein Arbeitsumfeld ist unser idyllischer Hof mit seinen Tieren, direkt am Wald gelegen, einer kleinen alten Schmiede als originellem Seminarraum. Unterst\u00fctzt werde ich von meinem tollen Team und kompetenten Kolleginnen und Kollegen.<\/p>\n\n\n\n<p>Die Pferde erm\u00f6glichen als methodische Unterst\u00fctzung, als &#8222;Co-Trainer&#8220;, sowohl meinen Klient*innen als auch mir,&nbsp; mehr und andere Aspekte zu erfahren, tiefer zu blicken und wahrzunehmen. Als Fluchttiere sind sie geschulte Beobachter und Meister der nonverbalen Kommunikation und bringen so einen unerwarteten Mehrwert in den gemeinsamen Prozess.<br><\/p>\n\n\n\n<p>Ich bin ich seit 1999 Jahren selbstst\u00e4ndig als Marketingberaterin, seit 2004 habe ich die Pferde in meine Arbeit integriert.<\/p>\n\n\n\n<h3><\/h3>\n","protected":false},"excerpt":{"rendered":"<p>Udo Becker Systemisches Coaching und Beratunghttps:\/\/2blick.de Coach DGfCSystemischer Berater Seit \u00fcber 20 Jahren bin ich in F\u00fchrungsverantwortung. \u00dcber 10 Jahre wende ich [&hellip;]<\/p>\n","protected":false},"author":2,"featured_media":0,"parent":0,"menu_order":0,"comment_status":"closed","ping_status":"closed","template":"","meta":[],"_links":{"self":[{"href":"https:\/\/streifzug-mann.de\/index.php?rest_route=\/wp\/v2\/pages\/103"}],"collection":[{"href":"https:\/\/streifzug-mann.de\/index.php?rest_route=\/wp\/v2\/pages"}],"about":[{"href":"https:\/\/streifzug-mann.de\/index.php?rest_route=\/wp\/v2\/types\/page"}],"author":[{"embeddable":true,"href":"https:\/\/streifzug-mann.de\/index.php?rest_route=\/wp\/v2\/users\/2"}],"replies":[{"embeddable":true,"href":"https:\/\/streifzug-mann.de\/index.php?rest_route=%2Fwp%2Fv2%2Fcomments&post=103"}],"version-history":[{"count":10,"href":"https:\/\/streifzug-mann.de\/index.php?rest_route=\/wp\/v2\/pages\/103\/revisions"}],"predecessor-version":[{"id":247,"href":"https:\/\/streifzug-mann.de\/index.php?rest_route=\/wp\/v2\/pages\/103\/revisions\/247"}],"wp:attachment":[{"href":"https:\/\/streifzug-mann.de\/index.php?rest_route=%2Fwp%2Fv2%2Fmedia&parent=103"}],"curies":[{"name":"wp","href":"https:\/\/api.w.org\/{rel}","templated":true}]}}